{"id":494,"date":"2015-01-04T23:10:43","date_gmt":"2015-01-04T22:10:43","guid":{"rendered":"https:\/\/www.adventuretours.no\/demo\/?page_id=494"},"modified":"2015-01-21T21:14:48","modified_gmt":"2015-01-21T20:14:48","slug":"skreddarsydd","status":"publish","type":"page","link":"https:\/\/www.adventuretours.no\/nb\/skreddarsydd\/","title":{"rendered":"Skreddarsydd"},"content":{"rendered":"<div id='av_section_1'  class='avia-section av-av_section-0bf174e095501da7a9b3e41ba13e262c main_color avia-section-default avia-no-shadow  avia-builder-el-0  el_before_av_section  avia-builder-el-first  avia-bg-style-scroll container_wrap sidebar_right'  ><div class='container av-section-cont-open' ><main  role=\"main\" itemprop=\"mainContentOfPage\"  class='template-page content  av-content-small alpha units'><div class='post-entry post-entry-type-page post-entry-494'><div class='entry-content-wrapper clearfix'>\n\n<style type=\"text\/css\" data-created_by=\"avia_inline_auto\" id=\"style-css-av-av_heading-24f7a9a72ad1267005e063ebf2d2a058\">\n#top .av-special-heading.av-av_heading-24f7a9a72ad1267005e063ebf2d2a058{\npadding-bottom:0;\ncolor:#00838c;\nfont-size:60px;\n}\nbody .av-special-heading.av-av_heading-24f7a9a72ad1267005e063ebf2d2a058 .av-special-heading-tag .heading-char{\nfont-size:25px;\n}\n#top #wrap_all .av-special-heading.av-av_heading-24f7a9a72ad1267005e063ebf2d2a058 .av-special-heading-tag{\nfont-size:60px;\n}\n.av-special-heading.av-av_heading-24f7a9a72ad1267005e063ebf2d2a058 .special-heading-inner-border{\nborder-color:#00838c;\n}\n.av-special-heading.av-av_heading-24f7a9a72ad1267005e063ebf2d2a058 .av-subheading{\nfont-size:18px;\n}\n\n@media only screen and (min-width: 480px) and (max-width: 767px){ \n#top #wrap_all .av-special-heading.av-av_heading-24f7a9a72ad1267005e063ebf2d2a058 .av-special-heading-tag{\nfont-size:0.8em;\n}\n}\n\n@media only screen and (max-width: 479px){ \n#top #wrap_all .av-special-heading.av-av_heading-24f7a9a72ad1267005e063ebf2d2a058 .av-special-heading-tag{\nfont-size:0.8em;\n}\n}\n<\/style>\n<div  class='av-special-heading av-av_heading-24f7a9a72ad1267005e063ebf2d2a058 av-special-heading-h1 custom-color-heading blockquote modern-quote  avia-builder-el-1  avia-builder-el-no-sibling  av-thin-font av-inherit-size'><h1 class='av-special-heading-tag '  itemprop=\"headline\"  ><strong>Skreddarsydd<\/strong><\/h1><div class=\"special-heading-border\"><div class=\"special-heading-inner-border\"><\/div><\/div><\/div>\n\n<\/div><\/div><\/main><!-- close content main element --><\/div><\/div><div id='av_section_2'  class='avia-section av-av_section-d5bea40982861f012ec1ff506153deee main_color avia-section-default avia-no-shadow  avia-builder-el-2  el_after_av_section  avia-builder-el-last  avia-bg-style-scroll container_wrap sidebar_right'  ><div class='container av-section-cont-open' ><div class='template-page content  av-content-small alpha units'><div class='post-entry post-entry-type-page post-entry-494'><div class='entry-content-wrapper clearfix'>\n<div  class='flex_column av-av_three_fifth-2a9015ff38129c418a3f2eafba3e9512 av_three_fifth  avia-builder-el-3  el_before_av_two_fifth  avia-builder-el-first  first flex_column_div  '     ><section  class='av_textblock_section av-av_textblock-0366cc7376be6c9e82a3e9cc8987b64f '   itemscope=\"itemscope\" itemtype=\"https:\/\/schema.org\/CreativeWork\" ><div class='avia_textblock'  itemprop=\"text\" ><h4>Ta kontakt med dykkar ynskjer, og me skreddarsyr eit opplegg!<\/h4>\n<p>Hovudfokuset v\u00e5rt er \u00e5 oppfylle kunden sine ynskjer og at alle p\u00e5 turen skal ha ei fin oppleving med oss. Dersom ein ynskjer eit skreddarsydd opplegg som inneheld fleire av v\u00e5re aktivitetstilbod, strekkjer me oss for \u00e5 finne den beste l\u00f8ysinga for dykk. Me samarbeider med mange hotell og serverings-leverand\u00f8rar i n\u00e6romr\u00e5det, og kan tilby komplette pakker med aktivitet, mat og overnatting.<\/p>\n<p>Ta kontakt for ein uforpliktande samtale!<\/p>\n<\/div><\/section><\/div><div  class='flex_column av-av_two_fifth-bda7276b58eec8698926949ec5d7946e av_two_fifth  avia-builder-el-5  el_after_av_three_fifth  avia-builder-el-last  flex_column_div  '     ><style type=\"text\/css\" data-created_by=\"avia_inline_auto\" id=\"style-css-av-av_image-424906d13d1e7347736f6806b6c7e2c6\">\n.avia-image-container.av-av_image-424906d13d1e7347736f6806b6c7e2c6 img.avia_image{\nbox-shadow:none;\n}\n.avia-image-container.av-av_image-424906d13d1e7347736f6806b6c7e2c6 .av-image-caption-overlay-center{\ncolor:#ffffff;\n}\n<\/style>\n<div  class='avia-image-container av-av_image-424906d13d1e7347736f6806b6c7e2c6 av-styling- avia-align-center  avia-builder-el-6  avia-builder-el-no-sibling '   itemprop=\"image\" itemscope=\"itemscope\" itemtype=\"https:\/\/schema.org\/ImageObject\" ><div class=\"avia-image-container-inner\"><div class=\"avia-image-overlay-wrap\"><img decoding=\"async\" fetchpriority=\"high\" class='wp-image- avia-img-lazy-loading-not- avia_image ' src=\"https:\/\/www.adventuretours.no\/demo\/wp-content\/uploads\/2015\/01\/Fjord-Adventure-RIB-boat-Tour-in-Norway-495x300.jpg\" alt='' title=''   itemprop=\"thumbnailUrl\"  \/><\/div><\/div><\/div><\/div><\/div><\/div><\/div><!-- close content main div --><\/div><\/div><div id='after_section_2'  class='main_color av_default_container_wrap container_wrap sidebar_right'  ><div class='container av-section-cont-open' ><div class='template-page content  av-content-small alpha units'><div class='post-entry post-entry-type-page post-entry-494'><div class='entry-content-wrapper clearfix'>\n","protected":false},"excerpt":{"rendered":"","protected":false},"author":2,"featured_media":0,"parent":0,"menu_order":0,"comment_status":"open","ping_status":"open","template":"","meta":{"footnotes":"","_links_to":"","_links_to_target":""},"class_list":["post-494","page","type-page","status-publish","hentry"],"yoast_head":"<!-- This site is optimized with the Yoast SEO plugin v27.5 - https:\/\/yoast.com\/product\/yoast-seo-wordpress\/ -->\n<title>Skreddarsydd - Adventure Tours<\/title>\n<meta name=\"robots\" content=\"index, follow, max-snippet:-1, max-image-preview:large, max-video-preview:-1\" \/>\n<link rel=\"canonical\" href=\"https:\/\/www.adventuretours.no\/skreddarsydd\/\" \/>\n<meta property=\"og:locale\" content=\"nb_NO\" \/>\n<meta property=\"og:type\" content=\"article\" \/>\n<meta property=\"og:title\" content=\"Skreddarsydd - Adventure Tours\" \/>\n<meta property=\"og:url\" content=\"https:\/\/www.adventuretours.no\/skreddarsydd\/\" \/>\n<meta property=\"og:site_name\" content=\"Adventure Tours\" \/>\n<meta property=\"article:modified_time\" content=\"2015-01-21T20:14:48+00:00\" \/>\n<meta name=\"twitter:label1\" content=\"Ansl. lesetid\" \/>\n\t<meta name=\"twitter:data1\" content=\"1 minutt\" \/>\n<script type=\"application\/ld+json\" class=\"yoast-schema-graph\">{\"@context\":\"https:\\\/\\\/schema.org\",\"@graph\":[{\"@type\":\"WebPage\",\"@id\":\"https:\\\/\\\/www.adventuretours.no\\\/skreddarsydd\\\/\",\"url\":\"https:\\\/\\\/www.adventuretours.no\\\/skreddarsydd\\\/\",\"name\":\"Skreddarsydd - Adventure Tours\",\"isPartOf\":{\"@id\":\"https:\\\/\\\/www.adventuretours.no\\\/#website\"},\"datePublished\":\"2015-01-04T22:10:43+00:00\",\"dateModified\":\"2015-01-21T20:14:48+00:00\",\"breadcrumb\":{\"@id\":\"https:\\\/\\\/www.adventuretours.no\\\/skreddarsydd\\\/#breadcrumb\"},\"inLanguage\":\"nb-NO\",\"potentialAction\":[{\"@type\":\"ReadAction\",\"target\":[\"https:\\\/\\\/www.adventuretours.no\\\/skreddarsydd\\\/\"]}]},{\"@type\":\"BreadcrumbList\",\"@id\":\"https:\\\/\\\/www.adventuretours.no\\\/skreddarsydd\\\/#breadcrumb\",\"itemListElement\":[{\"@type\":\"ListItem\",\"position\":1,\"name\":\"Hjem\",\"item\":\"https:\\\/\\\/www.adventuretours.no\\\/nb\\\/framside\\\/\"},{\"@type\":\"ListItem\",\"position\":2,\"name\":\"Skreddarsydd\"}]},{\"@type\":\"WebSite\",\"@id\":\"https:\\\/\\\/www.adventuretours.no\\\/#website\",\"url\":\"https:\\\/\\\/www.adventuretours.no\\\/\",\"name\":\"Adventure Tours\",\"description\":\"Skjolden \u2013 Lustrafjord \u2013 Sognefjord\",\"potentialAction\":[{\"@type\":\"SearchAction\",\"target\":{\"@type\":\"EntryPoint\",\"urlTemplate\":\"https:\\\/\\\/www.adventuretours.no\\\/?s={search_term_string}\"},\"query-input\":{\"@type\":\"PropertyValueSpecification\",\"valueRequired\":true,\"valueName\":\"search_term_string\"}}],\"inLanguage\":\"nb-NO\"}]}<\/script>\n<!-- \/ Yoast SEO plugin. -->","yoast_head_json":{"title":"Skreddarsydd - Adventure Tours","robots":{"index":"index","follow":"follow","max-snippet":"max-snippet:-1","max-image-preview":"max-image-preview:large","max-video-preview":"max-video-preview:-1"},"canonical":"https:\/\/www.adventuretours.no\/skreddarsydd\/","og_locale":"nb_NO","og_type":"article","og_title":"Skreddarsydd - Adventure Tours","og_url":"https:\/\/www.adventuretours.no\/skreddarsydd\/","og_site_name":"Adventure Tours","article_modified_time":"2015-01-21T20:14:48+00:00","twitter_misc":{"Ansl. lesetid":"1 minutt"},"schema":{"@context":"https:\/\/schema.org","@graph":[{"@type":"WebPage","@id":"https:\/\/www.adventuretours.no\/skreddarsydd\/","url":"https:\/\/www.adventuretours.no\/skreddarsydd\/","name":"Skreddarsydd - Adventure Tours","isPartOf":{"@id":"https:\/\/www.adventuretours.no\/#website"},"datePublished":"2015-01-04T22:10:43+00:00","dateModified":"2015-01-21T20:14:48+00:00","breadcrumb":{"@id":"https:\/\/www.adventuretours.no\/skreddarsydd\/#breadcrumb"},"inLanguage":"nb-NO","potentialAction":[{"@type":"ReadAction","target":["https:\/\/www.adventuretours.no\/skreddarsydd\/"]}]},{"@type":"BreadcrumbList","@id":"https:\/\/www.adventuretours.no\/skreddarsydd\/#breadcrumb","itemListElement":[{"@type":"ListItem","position":1,"name":"Hjem","item":"https:\/\/www.adventuretours.no\/nb\/framside\/"},{"@type":"ListItem","position":2,"name":"Skreddarsydd"}]},{"@type":"WebSite","@id":"https:\/\/www.adventuretours.no\/#website","url":"https:\/\/www.adventuretours.no\/","name":"Adventure Tours","description":"Skjolden \u2013 Lustrafjord \u2013 Sognefjord","potentialAction":[{"@type":"SearchAction","target":{"@type":"EntryPoint","urlTemplate":"https:\/\/www.adventuretours.no\/?s={search_term_string}"},"query-input":{"@type":"PropertyValueSpecification","valueRequired":true,"valueName":"search_term_string"}}],"inLanguage":"nb-NO"}]}},"_links":{"self":[{"href":"https:\/\/www.adventuretours.no\/nb\/wp-json\/wp\/v2\/pages\/494","targetHints":{"allow":["GET"]}}],"collection":[{"href":"https:\/\/www.adventuretours.no\/nb\/wp-json\/wp\/v2\/pages"}],"about":[{"href":"https:\/\/www.adventuretours.no\/nb\/wp-json\/wp\/v2\/types\/page"}],"author":[{"embeddable":true,"href":"https:\/\/www.adventuretours.no\/nb\/wp-json\/wp\/v2\/users\/2"}],"replies":[{"embeddable":true,"href":"https:\/\/www.adventuretours.no\/nb\/wp-json\/wp\/v2\/comments?post=494"}],"version-history":[{"count":0,"href":"https:\/\/www.adventuretours.no\/nb\/wp-json\/wp\/v2\/pages\/494\/revisions"}],"wp:attachment":[{"href":"https:\/\/www.adventuretours.no\/nb\/wp-json\/wp\/v2\/media?parent=494"}],"curies":[{"name":"wp","href":"https:\/\/api.w.org\/{rel}","templated":true}]}}