{"id":506,"date":"2015-01-04T23:13:18","date_gmt":"2015-01-04T22:13:18","guid":{"rendered":"https:\/\/www.adventuretours.no\/demo\/?page_id=506"},"modified":"2024-03-28T11:50:52","modified_gmt":"2024-03-28T10:50:52","slug":"om-oss","status":"publish","type":"page","link":"https:\/\/www.adventuretours.no\/nb\/informasjon\/om-oss\/","title":{"rendered":"Om oss"},"content":{"rendered":"<\/p>\n\n<style type=\"text\/css\" data-created_by=\"avia_inline_auto\" id=\"style-css-av-2eial6-f9bd54096edec0cb44614893f60e1fba\">\n.avia-section.av-2eial6-f9bd54096edec0cb44614893f60e1fba{\nbackground-repeat:no-repeat;\nbackground-image:url(https:\/\/www.adventuretours.no\/wp-content\/uploads\/2024\/02\/About-us-scaled.jpg);\nbackground-position:50% 50%;\nbackground-attachment:fixed;\n}\n<\/style>\n<div id='av_section_1'  class='avia-section av-2eial6-f9bd54096edec0cb44614893f60e1fba main_color avia-section-huge avia-no-shadow  avia-builder-el-0  el_before_av_one_half  avia-builder-el-first  avia-full-stretch avia-bg-style-fixed av-minimum-height av-minimum-height-75 av-height-75  container_wrap sidebar_right'  data-section-bg-repeat='stretch' data-av_minimum_height_pc='75' data-av_min_height_opt='75'><div class='container av-section-cont-open' ><main  role=\"main\" itemprop=\"mainContentOfPage\"  class='template-page content  av-content-small alpha units'><div class='post-entry post-entry-type-page post-entry-506'><div class='entry-content-wrapper clearfix'>\n\n<style type=\"text\/css\" data-created_by=\"avia_inline_auto\" id=\"style-css-av-ltzsp6of-da0e52614a0a5656233805db7d720a79\">\n#top .av-special-heading.av-ltzsp6of-da0e52614a0a5656233805db7d720a79{\npadding-bottom:0;\ncolor:#ffffff;\nfont-size:60px;\n}\nbody .av-special-heading.av-ltzsp6of-da0e52614a0a5656233805db7d720a79 .av-special-heading-tag .heading-char{\nfont-size:25px;\n}\n#top #wrap_all .av-special-heading.av-ltzsp6of-da0e52614a0a5656233805db7d720a79 .av-special-heading-tag{\nfont-size:60px;\n}\n.av-special-heading.av-ltzsp6of-da0e52614a0a5656233805db7d720a79 .special-heading-inner-border{\nborder-color:#ffffff;\n}\n.av-special-heading.av-ltzsp6of-da0e52614a0a5656233805db7d720a79 .av-subheading{\nfont-size:18px;\n}\n\n@media only screen and (min-width: 480px) and (max-width: 767px){ \n#top #wrap_all .av-special-heading.av-ltzsp6of-da0e52614a0a5656233805db7d720a79 .av-special-heading-tag{\nfont-size:0.8em;\n}\n}\n\n@media only screen and (max-width: 479px){ \n#top #wrap_all .av-special-heading.av-ltzsp6of-da0e52614a0a5656233805db7d720a79 .av-special-heading-tag{\nfont-size:0.8em;\n}\n}\n<\/style>\n<div  class='av-special-heading av-ltzsp6of-da0e52614a0a5656233805db7d720a79 av-special-heading-h1 custom-color-heading blockquote modern-quote modern-centered  avia-builder-el-1  avia-builder-el-no-sibling  av-inherit-size'><h1 class='av-special-heading-tag '  itemprop=\"headline\"  >Om oss<\/h1><div class=\"special-heading-border\"><div class=\"special-heading-inner-border\"><\/div><\/div><\/div>\n<\/div><\/div><\/main><!-- close content main element --><\/div><\/div><div id='after_section_1'  class='main_color av_default_container_wrap container_wrap sidebar_right'  ><div class='container av-section-cont-open' ><div class='template-page content  av-content-small alpha units'><div class='post-entry post-entry-type-page post-entry-506'><div class='entry-content-wrapper clearfix'>\n<style type=\"text\/css\" data-created_by=\"avia_inline_auto\" id=\"style-css-av-29xfei-1697bef24443cc41b25e63cfc6b468a3\">\n.flex_column.av-29xfei-1697bef24443cc41b25e63cfc6b468a3{\nborder-radius:0px 0px 0px 0px;\npadding:0px 0px 0px 0px;\n}\n<\/style>\n<div  class='flex_column av-29xfei-1697bef24443cc41b25e63cfc6b468a3 av_one_half  avia-builder-el-2  el_after_av_section  el_before_av_one_half  avia-builder-el-first  first flex_column_div av-zero-column-padding  '     ><section  class='av_textblock_section av-ltzsph9l-e69499a50b0431ea1ebdb5c9d90fc4c6 '   itemscope=\"itemscope\" itemtype=\"https:\/\/schema.org\/CreativeWork\" ><div class='avia_textblock'  itemprop=\"text\" ><ul>\n<li>\n<h2><em>Din reisepartner i Sognefjorden<\/em><\/h2>\n<\/li>\n<\/ul>\n<\/div><\/section><br \/>\n<section  class='av_textblock_section av-ltzsteda-748acb4817477c742413c7a52bbe5985 '   itemscope=\"itemscope\" itemtype=\"https:\/\/schema.org\/CreativeWork\" ><div class='avia_textblock'  itemprop=\"text\" ><p><strong>Adventure Tours Norway er eit lokalt selskap som ligg i den vesle bygda Skjolden, ved enden av Noregs lengste og djupaste fjord \u2013 Sognefjorden. Vi er lokale og kunnskapsrike guider som alltid strevar etter \u00e5 gje v\u00e5re kundar eit uforgl\u00f8ymeleg opphald her, og \u00f8nskjer \u00e5 dele v\u00e5r lidenskap med v\u00e5re kundar.<\/strong><\/p>\n<p><strong>I dag tilbyr vi ulike eventyr som RIB-b\u00e5tturar, sykkel- og elsykkel-turar, fjellturar, SUP og Mega-SUP, fiske, trugeturar og meir. Vi har daglege og garanterte avgangar p\u00e5 RIB-b\u00e5t eventyr i sommarsesongen, og vi er alltid tilgjengelege p\u00e5 f\u00f8respurnad for spesialiserte utflukter gjennom heile Sognefjorden fr\u00e5 byar som Fl\u00e5m, Gudvangen, Solvorn, Sogndal, \u00c5rdal. Individuelle reisande, grupper, cruise og VIP-er er dei viktigaste reisetypane vi handlar med, og vi er stadig i utvikling og s\u00f8kjer nye aktivitetar \u00e5 tilby v\u00e5re kundar.<\/strong><\/p>\n<p><strong>Vi trur den viktigaste grunnen til at folk bes\u00f8ker Noreg er dei djupe fjordane, bratte fjella og forfriskande fossane \u2013 noko som gjer Sognefjorden til ein framifr\u00e5 destinasjon for naturbaserte eventyr. Fr\u00e5 v\u00e5r hovudbase, Skjolden, er vi heldige som har tre store nasjonalparkar:<\/strong><br \/>\n<strong>Jotunheimen, Breheimen og Jostedalsbreen nasjonalpark \u2013 innanfor 60 km fr\u00e5 Skjolden.<\/strong><\/p>\n<p><strong>Ta gjerne kontakt med oss for meir informasjon eller eventuelle f\u00f8respurnadar du m\u00e5tte ha.<\/strong><\/p>\n<p><strong>La oss dra p\u00e5 eit eventyr!<\/strong><\/p>\n<\/div><\/section><\/p><\/div>\n<style type=\"text\/css\" data-created_by=\"avia_inline_auto\" id=\"style-css-av-24n86i-28d9d9823f8b946432d17069c0dd2be1\">\n.flex_column.av-24n86i-28d9d9823f8b946432d17069c0dd2be1{\nborder-radius:0px 0px 0px 0px;\npadding:0px 0px 0px 0px;\n}\n<\/style>\n<div  class='flex_column av-24n86i-28d9d9823f8b946432d17069c0dd2be1 av_one_half  avia-builder-el-5  el_after_av_one_half  el_before_av_one_full  flex_column_div av-zero-column-padding  '     ><p><div  class='avia-video av-1xm8xe-99b5981d178666361b2688f0c989ccf8 avia-video-16-9 av-no-preview-image avia-video-load-always av-lazyload-immediate av-lazyload-video-embed'  itemprop=\"video\" itemtype=\"https:\/\/schema.org\/VideoObject\"  data-original_url='https:\/\/www.youtube.com\/watch?v=siqtsn5lQCM'><script type='text\/html' class='av-video-tmpl'><div class='avia-iframe-wrap'><iframe loading=\"lazy\" title=\"Adventure Tours Norway - Promo\" width=\"1500\" height=\"844\" src=\"https:\/\/www.youtube.com\/embed\/siqtsn5lQCM?feature=oembed&autoplay=0&loop=0&controls=1&mute=0\" frameborder=\"0\" allow=\"accelerometer; autoplay; clipboard-write; encrypted-media; gyroscope; picture-in-picture; web-share\" referrerpolicy=\"strict-origin-when-cross-origin\" allowfullscreen><\/iframe><\/div><\/script><div class='av-click-to-play-overlay'><div class=\"avia_playpause_icon\"><\/div><\/div><\/div><br \/>\n\n<style type=\"text\/css\" data-created_by=\"avia_inline_auto\" id=\"style-css-av-1pkkoq-fdbd6f344e14c35e32d64b59ee407590\">\n.avia-image-container.av-1pkkoq-fdbd6f344e14c35e32d64b59ee407590 img.avia_image{\nbox-shadow:none;\n}\n.avia-image-container.av-1pkkoq-fdbd6f344e14c35e32d64b59ee407590 .av-image-caption-overlay-center{\ncolor:#ffffff;\n}\n<\/style>\n<div  class='avia-image-container av-1pkkoq-fdbd6f344e14c35e32d64b59ee407590 av-styling- avia-align-center  avia-builder-el-7  el_after_av_video  avia-builder-el-last '   itemprop=\"image\" itemscope=\"itemscope\" itemtype=\"https:\/\/schema.org\/ImageObject\" ><div class=\"avia-image-container-inner\"><div class=\"avia-image-overlay-wrap\"><img decoding=\"async\" fetchpriority=\"high\" class='wp-image-2302 avia-img-lazy-loading-not-2302 avia_image ' src=\"https:\/\/www.adventuretours.no\/wp-content\/uploads\/2018\/05\/Hiking-Bolstadnosi_Adventure-Tours-Norway-1030x580.jpg\" alt='' title='Hiking-Bolstadnosi_Adventure-Tours-Norway'  height=\"580\" width=\"1030\"  itemprop=\"thumbnailUrl\" srcset=\"https:\/\/www.adventuretours.no\/wp-content\/uploads\/2018\/05\/Hiking-Bolstadnosi_Adventure-Tours-Norway-1030x580.jpg 1030w, https:\/\/www.adventuretours.no\/wp-content\/uploads\/2018\/05\/Hiking-Bolstadnosi_Adventure-Tours-Norway-300x169.jpg 300w, https:\/\/www.adventuretours.no\/wp-content\/uploads\/2018\/05\/Hiking-Bolstadnosi_Adventure-Tours-Norway-768x432.jpg 768w, https:\/\/www.adventuretours.no\/wp-content\/uploads\/2018\/05\/Hiking-Bolstadnosi_Adventure-Tours-Norway.jpg 1500w, https:\/\/www.adventuretours.no\/wp-content\/uploads\/2018\/05\/Hiking-Bolstadnosi_Adventure-Tours-Norway-705x397.jpg 705w, https:\/\/www.adventuretours.no\/wp-content\/uploads\/2018\/05\/Hiking-Bolstadnosi_Adventure-Tours-Norway-450x253.jpg 450w\" sizes=\"(max-width: 1030px) 100vw, 1030px\" \/><\/div><\/div><\/div><\/p><\/div><\/p>\n\n<style type=\"text\/css\" data-created_by=\"avia_inline_auto\" id=\"style-css-av-1kr436-4716a13031aa46dc05ec4102ab9e53d1\">\n.flex_column.av-1kr436-4716a13031aa46dc05ec4102ab9e53d1{\nborder-radius:0px 0px 0px 0px;\npadding:0px 0px 0px 0px;\n}\n<\/style>\n<div  class='flex_column av-1kr436-4716a13031aa46dc05ec4102ab9e53d1 av_one_full  avia-builder-el-8  el_after_av_one_half  el_before_av_one_fourth  first flex_column_div av-zero-column-padding  column-top-margin'     ><style type=\"text\/css\" data-created_by=\"avia_inline_auto\" id=\"style-css-av-ltzstn2h-abb190d8184f6a05a45f84cb0728a6d5\">\n#top .av_textblock_section.av-ltzstn2h-abb190d8184f6a05a45f84cb0728a6d5 .avia_textblock{\ncolor:#4ecac2;\n}\n<\/style>\n<section  class='av_textblock_section av-ltzstn2h-abb190d8184f6a05a45f84cb0728a6d5 '   itemscope=\"itemscope\" itemtype=\"https:\/\/schema.org\/CreativeWork\" ><div class='avia_textblock av_inherit_color'  itemprop=\"text\" ><h3>Hovudpartnarar<\/h3>\n<\/div><\/section><\/div>\n<style type=\"text\/css\" data-created_by=\"avia_inline_auto\" id=\"style-css-av-1fntbm-0361fb82f857cb131bb926b0781c260d\">\n.flex_column.av-1fntbm-0361fb82f857cb131bb926b0781c260d{\nborder-radius:0px 0px 0px 0px;\npadding:0px 0px 0px 0px;\n}\n<\/style>\n<div  class='flex_column av-1fntbm-0361fb82f857cb131bb926b0781c260d av_one_fourth  avia-builder-el-10  el_after_av_one_full  el_before_av_one_fourth  first flex_column_div av-zero-column-padding  column-top-margin'     ><section  class='av_textblock_section av-18uc4q-9f2c75c739ab48baac6268c39052bb66 '   itemscope=\"itemscope\" itemtype=\"https:\/\/schema.org\/CreativeWork\" ><div class='avia_textblock'  itemprop=\"text\" ><p><a href=\"http:\/\/www.sognefjord.no\"><img loading=\"lazy\" decoding=\"async\" class=\"alignnone wp-image-1866 size-full\" src=\"https:\/\/www.adventuretours.no\/wp-content\/uploads\/2019\/03\/logo-Visit-Sognefjord.png\" alt=\"\" width=\"102\" height=\"101\" srcset=\"https:\/\/www.adventuretours.no\/wp-content\/uploads\/2019\/03\/logo-Visit-Sognefjord.png 102w, https:\/\/www.adventuretours.no\/wp-content\/uploads\/2019\/03\/logo-Visit-Sognefjord-80x80.png 80w, https:\/\/www.adventuretours.no\/wp-content\/uploads\/2019\/03\/logo-Visit-Sognefjord-36x36.png 36w\" sizes=\"auto, (max-width: 102px) 100vw, 102px\" \/><\/a><\/p>\n<\/div><\/section><\/div><\/p>\n\n<style type=\"text\/css\" data-created_by=\"avia_inline_auto\" id=\"style-css-av-10yuvu-b1d7ed9cd02870c67f3411f326e1408a\">\n.flex_column.av-10yuvu-b1d7ed9cd02870c67f3411f326e1408a{\nborder-radius:0px 0px 0px 0px;\npadding:0px 0px 0px 0px;\n}\n<\/style>\n<div  class='flex_column av-10yuvu-b1d7ed9cd02870c67f3411f326e1408a av_one_fourth  avia-builder-el-12  el_after_av_one_fourth  el_before_av_one_fourth  flex_column_div av-zero-column-padding  column-top-margin'     ><section  class='av_textblock_section av-3e6je-34aff0a66cb3aa8c4fd3d8f9541b6fd2 '   itemscope=\"itemscope\" itemtype=\"https:\/\/schema.org\/CreativeWork\" ><div class='avia_textblock'  itemprop=\"text\" ><p><a href=\"http:\/\/www.fjordnorway.com\"><img loading=\"lazy\" decoding=\"async\" class=\"alignnone wp-image-1868 size-medium\" src=\"https:\/\/www.adventuretours.no\/wp-content\/uploads\/2019\/03\/Fjord-Norway-logo_2-300x99.jpeg\" alt=\"\" width=\"300\" height=\"99\" srcset=\"https:\/\/www.adventuretours.no\/wp-content\/uploads\/2019\/03\/Fjord-Norway-logo_2-300x99.jpeg 300w, https:\/\/www.adventuretours.no\/wp-content\/uploads\/2019\/03\/Fjord-Norway-logo_2.jpeg 392w\" sizes=\"auto, (max-width: 300px) 100vw, 300px\" \/><\/a><\/p>\n<\/div><\/section><\/div>\n\n<style type=\"text\/css\" data-created_by=\"avia_inline_auto\" id=\"style-css-av-p0smq-c125ebe6622ef67cd9c0e660f70ee673\">\n.flex_column.av-p0smq-c125ebe6622ef67cd9c0e660f70ee673{\nborder-radius:0px 0px 0px 0px;\npadding:0px 0px 0px 0px;\n}\n<\/style>\n<div  class='flex_column av-p0smq-c125ebe6622ef67cd9c0e660f70ee673 av_one_fourth  avia-builder-el-14  el_after_av_one_fourth  el_before_av_one_fourth  flex_column_div av-zero-column-padding  column-top-margin'     ><section  class='av_textblock_section av-iz4ze-225862f88231c19958a73c9db8d22d5c '   itemscope=\"itemscope\" itemtype=\"https:\/\/schema.org\/CreativeWork\" ><div class='avia_textblock'  itemprop=\"text\" ><p><a href=\"http:\/\/www.skjolden.com\"><img loading=\"lazy\" decoding=\"async\" class=\"alignnone wp-image-1865 size-medium\" src=\"https:\/\/www.adventuretours.no\/wp-content\/uploads\/2019\/03\/Logo-Skjolden-300x87.png\" alt=\"\" width=\"300\" height=\"87\" srcset=\"https:\/\/www.adventuretours.no\/wp-content\/uploads\/2019\/03\/Logo-Skjolden-300x87.png 300w, https:\/\/www.adventuretours.no\/wp-content\/uploads\/2019\/03\/Logo-Skjolden.png 417w\" sizes=\"auto, (max-width: 300px) 100vw, 300px\" \/><\/a><\/p>\n<\/div><\/section><\/div>\n\n<style type=\"text\/css\" data-created_by=\"avia_inline_auto\" id=\"style-css-av-g4ije-ddfe2aa86eefd4bdcf000d9fec0bf5f7\">\n.flex_column.av-g4ije-ddfe2aa86eefd4bdcf000d9fec0bf5f7{\nborder-radius:0px 0px 0px 0px;\npadding:0px 0px 0px 0px;\n}\n<\/style>\n<div  class='flex_column av-g4ije-ddfe2aa86eefd4bdcf000d9fec0bf5f7 av_one_fourth  avia-builder-el-16  el_after_av_one_fourth  avia-builder-el-last  flex_column_div av-zero-column-padding  column-top-margin'     ><section  class='av_textblock_section av-btumy-a962c4eb4b6aa7d532834631fb08dde4 '   itemscope=\"itemscope\" itemtype=\"https:\/\/schema.org\/CreativeWork\" ><div class='avia_textblock'  itemprop=\"text\" ><p><a href=\"http:\/\/www.ncetourism.com\/\"><img loading=\"lazy\" decoding=\"async\" class=\"alignnone wp-image-1864 size-medium\" src=\"https:\/\/www.adventuretours.no\/wp-content\/uploads\/2019\/03\/logo-NCE-300x77.jpeg\" alt=\"\" width=\"300\" height=\"77\" srcset=\"https:\/\/www.adventuretours.no\/wp-content\/uploads\/2019\/03\/logo-NCE-300x77.jpeg 300w, https:\/\/www.adventuretours.no\/wp-content\/uploads\/2019\/03\/logo-NCE.jpeg 442w\" sizes=\"auto, (max-width: 300px) 100vw, 300px\" \/><\/a><\/p>\n<\/div><\/section><\/div>\n","protected":false},"excerpt":{"rendered":"","protected":false},"author":2,"featured_media":0,"parent":418,"menu_order":0,"comment_status":"closed","ping_status":"open","template":"","meta":{"footnotes":"","_links_to":"","_links_to_target":""},"class_list":["post-506","page","type-page","status-publish","hentry"],"yoast_head":"<!-- This site is optimized with the Yoast SEO plugin v27.3 - https:\/\/yoast.com\/product\/yoast-seo-wordpress\/ -->\n<title>Om oss - Adventure Tours<\/title>\n<meta name=\"robots\" content=\"index, follow, max-snippet:-1, max-image-preview:large, max-video-preview:-1\" \/>\n<link rel=\"canonical\" href=\"https:\/\/www.adventuretours.no\/nb\/informasjon\/om-oss\/\" \/>\n<meta property=\"og:locale\" content=\"nb_NO\" \/>\n<meta property=\"og:type\" content=\"article\" \/>\n<meta property=\"og:title\" content=\"Om oss - Adventure Tours\" \/>\n<meta property=\"og:url\" content=\"https:\/\/www.adventuretours.no\/nb\/informasjon\/om-oss\/\" \/>\n<meta property=\"og:site_name\" content=\"Adventure Tours\" \/>\n<meta property=\"article:modified_time\" content=\"2024-03-28T10:50:52+00:00\" \/>\n<meta property=\"og:image\" content=\"https:\/\/www.adventuretours.no\/wp-content\/uploads\/2019\/03\/logo-Visit-Sognefjord.png\" \/>\n<meta name=\"twitter:label1\" content=\"Ansl. lesetid\" \/>\n\t<meta name=\"twitter:data1\" content=\"2 minutter\" \/>\n<script type=\"application\/ld+json\" class=\"yoast-schema-graph\">{\"@context\":\"https:\\\/\\\/schema.org\",\"@graph\":[{\"@type\":\"WebPage\",\"@id\":\"https:\\\/\\\/www.adventuretours.no\\\/nb\\\/informasjon\\\/om-oss\\\/\",\"url\":\"https:\\\/\\\/www.adventuretours.no\\\/nb\\\/informasjon\\\/om-oss\\\/\",\"name\":\"Om oss - Adventure Tours\",\"isPartOf\":{\"@id\":\"https:\\\/\\\/www.adventuretours.no\\\/#website\"},\"primaryImageOfPage\":{\"@id\":\"https:\\\/\\\/www.adventuretours.no\\\/nb\\\/informasjon\\\/om-oss\\\/#primaryimage\"},\"image\":{\"@id\":\"https:\\\/\\\/www.adventuretours.no\\\/nb\\\/informasjon\\\/om-oss\\\/#primaryimage\"},\"thumbnailUrl\":\"https:\\\/\\\/www.adventuretours.no\\\/wp-content\\\/uploads\\\/2019\\\/03\\\/logo-Visit-Sognefjord.png\",\"datePublished\":\"2015-01-04T22:13:18+00:00\",\"dateModified\":\"2024-03-28T10:50:52+00:00\",\"breadcrumb\":{\"@id\":\"https:\\\/\\\/www.adventuretours.no\\\/nb\\\/informasjon\\\/om-oss\\\/#breadcrumb\"},\"inLanguage\":\"nb-NO\",\"potentialAction\":[{\"@type\":\"ReadAction\",\"target\":[\"https:\\\/\\\/www.adventuretours.no\\\/nb\\\/informasjon\\\/om-oss\\\/\"]}]},{\"@type\":\"ImageObject\",\"inLanguage\":\"nb-NO\",\"@id\":\"https:\\\/\\\/www.adventuretours.no\\\/nb\\\/informasjon\\\/om-oss\\\/#primaryimage\",\"url\":\"https:\\\/\\\/www.adventuretours.no\\\/wp-content\\\/uploads\\\/2019\\\/03\\\/logo-Visit-Sognefjord.png\",\"contentUrl\":\"https:\\\/\\\/www.adventuretours.no\\\/wp-content\\\/uploads\\\/2019\\\/03\\\/logo-Visit-Sognefjord.png\"},{\"@type\":\"BreadcrumbList\",\"@id\":\"https:\\\/\\\/www.adventuretours.no\\\/nb\\\/informasjon\\\/om-oss\\\/#breadcrumb\",\"itemListElement\":[{\"@type\":\"ListItem\",\"position\":1,\"name\":\"Hjem\",\"item\":\"https:\\\/\\\/www.adventuretours.no\\\/nb\\\/framside\\\/\"},{\"@type\":\"ListItem\",\"position\":2,\"name\":\"Informasjon\",\"item\":\"https:\\\/\\\/www.adventuretours.no\\\/\"},{\"@type\":\"ListItem\",\"position\":3,\"name\":\"Om oss\"}]},{\"@type\":\"WebSite\",\"@id\":\"https:\\\/\\\/www.adventuretours.no\\\/#website\",\"url\":\"https:\\\/\\\/www.adventuretours.no\\\/\",\"name\":\"Adventure Tours\",\"description\":\"Skjolden \u2013 Lustrafjord \u2013 Sognefjord\",\"potentialAction\":[{\"@type\":\"SearchAction\",\"target\":{\"@type\":\"EntryPoint\",\"urlTemplate\":\"https:\\\/\\\/www.adventuretours.no\\\/?s={search_term_string}\"},\"query-input\":{\"@type\":\"PropertyValueSpecification\",\"valueRequired\":true,\"valueName\":\"search_term_string\"}}],\"inLanguage\":\"nb-NO\"}]}<\/script>\n<!-- \/ Yoast SEO plugin. -->","yoast_head_json":{"title":"Om oss - Adventure Tours","robots":{"index":"index","follow":"follow","max-snippet":"max-snippet:-1","max-image-preview":"max-image-preview:large","max-video-preview":"max-video-preview:-1"},"canonical":"https:\/\/www.adventuretours.no\/nb\/informasjon\/om-oss\/","og_locale":"nb_NO","og_type":"article","og_title":"Om oss - Adventure Tours","og_url":"https:\/\/www.adventuretours.no\/nb\/informasjon\/om-oss\/","og_site_name":"Adventure Tours","article_modified_time":"2024-03-28T10:50:52+00:00","og_image":[{"url":"https:\/\/www.adventuretours.no\/wp-content\/uploads\/2019\/03\/logo-Visit-Sognefjord.png","type":"","width":"","height":""}],"twitter_misc":{"Ansl. lesetid":"2 minutter"},"schema":{"@context":"https:\/\/schema.org","@graph":[{"@type":"WebPage","@id":"https:\/\/www.adventuretours.no\/nb\/informasjon\/om-oss\/","url":"https:\/\/www.adventuretours.no\/nb\/informasjon\/om-oss\/","name":"Om oss - Adventure Tours","isPartOf":{"@id":"https:\/\/www.adventuretours.no\/#website"},"primaryImageOfPage":{"@id":"https:\/\/www.adventuretours.no\/nb\/informasjon\/om-oss\/#primaryimage"},"image":{"@id":"https:\/\/www.adventuretours.no\/nb\/informasjon\/om-oss\/#primaryimage"},"thumbnailUrl":"https:\/\/www.adventuretours.no\/wp-content\/uploads\/2019\/03\/logo-Visit-Sognefjord.png","datePublished":"2015-01-04T22:13:18+00:00","dateModified":"2024-03-28T10:50:52+00:00","breadcrumb":{"@id":"https:\/\/www.adventuretours.no\/nb\/informasjon\/om-oss\/#breadcrumb"},"inLanguage":"nb-NO","potentialAction":[{"@type":"ReadAction","target":["https:\/\/www.adventuretours.no\/nb\/informasjon\/om-oss\/"]}]},{"@type":"ImageObject","inLanguage":"nb-NO","@id":"https:\/\/www.adventuretours.no\/nb\/informasjon\/om-oss\/#primaryimage","url":"https:\/\/www.adventuretours.no\/wp-content\/uploads\/2019\/03\/logo-Visit-Sognefjord.png","contentUrl":"https:\/\/www.adventuretours.no\/wp-content\/uploads\/2019\/03\/logo-Visit-Sognefjord.png"},{"@type":"BreadcrumbList","@id":"https:\/\/www.adventuretours.no\/nb\/informasjon\/om-oss\/#breadcrumb","itemListElement":[{"@type":"ListItem","position":1,"name":"Hjem","item":"https:\/\/www.adventuretours.no\/nb\/framside\/"},{"@type":"ListItem","position":2,"name":"Informasjon","item":"https:\/\/www.adventuretours.no\/"},{"@type":"ListItem","position":3,"name":"Om oss"}]},{"@type":"WebSite","@id":"https:\/\/www.adventuretours.no\/#website","url":"https:\/\/www.adventuretours.no\/","name":"Adventure Tours","description":"Skjolden \u2013 Lustrafjord \u2013 Sognefjord","potentialAction":[{"@type":"SearchAction","target":{"@type":"EntryPoint","urlTemplate":"https:\/\/www.adventuretours.no\/?s={search_term_string}"},"query-input":{"@type":"PropertyValueSpecification","valueRequired":true,"valueName":"search_term_string"}}],"inLanguage":"nb-NO"}]}},"_links":{"self":[{"href":"https:\/\/www.adventuretours.no\/nb\/wp-json\/wp\/v2\/pages\/506","targetHints":{"allow":["GET"]}}],"collection":[{"href":"https:\/\/www.adventuretours.no\/nb\/wp-json\/wp\/v2\/pages"}],"about":[{"href":"https:\/\/www.adventuretours.no\/nb\/wp-json\/wp\/v2\/types\/page"}],"author":[{"embeddable":true,"href":"https:\/\/www.adventuretours.no\/nb\/wp-json\/wp\/v2\/users\/2"}],"replies":[{"embeddable":true,"href":"https:\/\/www.adventuretours.no\/nb\/wp-json\/wp\/v2\/comments?post=506"}],"version-history":[{"count":0,"href":"https:\/\/www.adventuretours.no\/nb\/wp-json\/wp\/v2\/pages\/506\/revisions"}],"up":[{"embeddable":true,"href":"https:\/\/www.adventuretours.no\/nb\/wp-json\/wp\/v2\/pages\/418"}],"wp:attachment":[{"href":"https:\/\/www.adventuretours.no\/nb\/wp-json\/wp\/v2\/media?parent=506"}],"curies":[{"name":"wp","href":"https:\/\/api.w.org\/{rel}","templated":true}]}}